{"id":7,"date":"2021-12-31T17:51:03","date_gmt":"2021-12-31T17:51:03","guid":{"rendered":"https:\/\/straznicylasu.pl\/?page_id=7"},"modified":"2022-02-12T19:38:22","modified_gmt":"2022-02-12T19:38:22","slug":"kontakt","status":"publish","type":"page","link":"https:\/\/straznicylasu.pl\/index.php\/kontakt\/","title":{"rendered":"Kontakt"},"content":{"rendered":"\n<p>Domowo &#8211; le\u015bne przedszkole Montessori &#8220;Stra\u017cnicy Lasu &#8221; w Chrzanowie<\/p>\n\n\n\n<p>ul. Borowcowa 37a<\/p>\n\n\n\n<p>32-500 Chrzan\u00f3w<\/p>\n\n\n\n<p><\/p>\n\n\n\n<p>tel.+48 695 097 290<\/p>\n\n\n\n<p>e-mail: kontakt@straznicylasu.pl <\/p>\n\n\n\n<div class=\"wp-block-image\"><figure class=\"aligncenter size-large\"><img loading=\"lazy\" decoding=\"async\" width=\"1024\" height=\"96\" src=\"https:\/\/straznicylasu.pl\/wp-content\/uploads\/2022\/01\/jeze-pasek-1024x96.jpg\" alt=\"\" class=\"wp-image-196\" srcset=\"https:\/\/straznicylasu.pl\/wp-content\/uploads\/2022\/01\/jeze-pasek-1024x96.jpg 1024w, https:\/\/straznicylasu.pl\/wp-content\/uploads\/2022\/01\/jeze-pasek-300x28.jpg 300w, https:\/\/straznicylasu.pl\/wp-content\/uploads\/2022\/01\/jeze-pasek-768x72.jpg 768w, https:\/\/straznicylasu.pl\/wp-content\/uploads\/2022\/01\/jeze-pasek-600x56.jpg 600w, https:\/\/straznicylasu.pl\/wp-content\/uploads\/2022\/01\/jeze-pasek.jpg 1340w\" sizes=\"auto, (max-width: 1024px) 100vw, 1024px\" \/><\/figure><\/div>\n","protected":false},"excerpt":{"rendered":"<p>Domowo &#8211; le\u015bne przedszkole Montessori &#8220;Stra\u017cnicy Lasu &#8221; w Chrzanowie ul. Borowcowa 37a 32-500 Chrzan\u00f3w tel.+48 695 097 290 e-mail: kontakt@straznicylasu.pl<\/p>\n","protected":false},"author":1,"featured_media":0,"parent":0,"menu_order":0,"comment_status":"closed","ping_status":"closed","template":"","meta":{"footnotes":""},"class_list":["post-7","page","type-page","status-publish","hentry","latest_post"],"_links":{"self":[{"href":"https:\/\/straznicylasu.pl\/index.php\/wp-json\/wp\/v2\/pages\/7","targetHints":{"allow":["GET"]}}],"collection":[{"href":"https:\/\/straznicylasu.pl\/index.php\/wp-json\/wp\/v2\/pages"}],"about":[{"href":"https:\/\/straznicylasu.pl\/index.php\/wp-json\/wp\/v2\/types\/page"}],"author":[{"embeddable":true,"href":"https:\/\/straznicylasu.pl\/index.php\/wp-json\/wp\/v2\/users\/1"}],"replies":[{"embeddable":true,"href":"https:\/\/straznicylasu.pl\/index.php\/wp-json\/wp\/v2\/comments?post=7"}],"version-history":[{"count":7,"href":"https:\/\/straznicylasu.pl\/index.php\/wp-json\/wp\/v2\/pages\/7\/revisions"}],"predecessor-version":[{"id":585,"href":"https:\/\/straznicylasu.pl\/index.php\/wp-json\/wp\/v2\/pages\/7\/revisions\/585"}],"wp:attachment":[{"href":"https:\/\/straznicylasu.pl\/index.php\/wp-json\/wp\/v2\/media?parent=7"}],"curies":[{"name":"wp","href":"https:\/\/api.w.org\/{rel}","templated":true}]}}