{"id":486,"date":"2022-02-12T17:49:40","date_gmt":"2022-02-12T17:49:40","guid":{"rendered":"https:\/\/straznicylasu.pl\/?page_id=486"},"modified":"2022-02-16T09:31:15","modified_gmt":"2022-02-16T09:31:15","slug":"program","status":"publish","type":"page","link":"https:\/\/straznicylasu.pl\/index.php\/program\/","title":{"rendered":"Program"},"content":{"rendered":"\n<p><strong>W naszym przedszkolu dbamy o wszechstronny rozw\u00f3j Dzieci.<\/strong><\/p>\n\n\n\n<p>Ka\u017cde dziecko realizuje sw\u00f3j indywidualny program nauczania oraz&nbsp;podstaw\u0119 programow\u0105 MEN zgodnie z&nbsp;za\u0142o\u017ceniami pedagogiki Marii Montessori.<\/p>\n\n\n\n<p>Opr\u00f3cz pracy z materia\u0142em Montessori i spotka\u0144 w kr\u0119gu, Dzieci uczestnicz\u0105 w zaj\u0119ciach<strong> dodatkowych tj. :&nbsp;<\/strong><\/p>\n\n\n\n<p><strong>zaj\u0119cia mindfulness,&nbsp;<\/strong><\/p>\n\n\n\n<p><strong>joga dla dzieci,&nbsp;<\/strong><\/p>\n\n\n\n<p><strong>k\u0105piel w d\u017awi\u0119kach,&nbsp;<\/strong><\/p>\n\n\n\n<p><strong>k\u0105piele le\u015bne ,&nbsp;<\/strong><\/p>\n\n\n\n<p><strong>bajkoterapia,&nbsp;<\/strong><\/p>\n\n\n\n<p><strong>warsztaty kulinarne,&nbsp;<\/strong><\/p>\n\n\n\n<p><strong>warsztaty przyrodnicze,&nbsp;<\/strong><\/p>\n\n\n\n<p><strong>warsztaty plastyczne,&nbsp;<\/strong><\/p>\n\n\n\n<p><strong>warsztaty kreatywne,&nbsp;&nbsp;<\/strong><\/p>\n\n\n\n<p><strong>zaj\u0119cia umuzykalniaj\u0105ce,<\/strong><\/p>\n\n\n\n<p><strong>zaj\u0119cia logorytmiczne,<\/strong><\/p>\n\n\n\n<p><strong>zaj\u0119cia sensoryczne,<\/strong><\/p>\n\n\n\n<p><strong>j\u0119zyk angielski.<\/strong><\/p>\n\n\n\n<p><strong>W naszym przedszkolu dzieci maj\u0105<\/strong> <strong>codzienny kontakt ze zwierz\u0105tkami<\/strong>, kt\u00f3re karmi\u0105 i kt\u00f3rymi si\u0119 opiekuj\u0105. Dzieci g\u0142aszcz\u0105 i poznaj\u0105 zwierz\u0105tka, a do\u015bwiadczenie to wyzwala pozytywne emocje&nbsp; i korzystnie wp\u0142ywa na dzieci.<\/p>\n\n\n\n<p>Na terenie <strong>naszego ogrodu o powierzchni 20 ar niezwykle cenne jest starodrzewie,<\/strong> kt\u00f3re jest domem dla wielu gatunk\u00f3w ptak\u00f3w, kt\u00f3rych \u015bpiew wp\u0142ywa na dzieci niezwykle koj\u0105co. Podczas zabawy, zw\u0142aszcza w ogrodzie przedszkolnym, Dziecko mo\u017ce tak\u017ce zaspokaja\u0107 potrzeb\u0119 ruchu, niezb\u0119dnego dla jego prawid\u0142owego rozwoju du\u017cej motoryki.<\/p>\n\n\n\n<p>Cyklicznie zapraszamy do naszego przedszkola ciekawych ludzi, pasjonat\u00f3w, osoby o artystycznych duszach. Dzi\u0119ki takim ludziom mo\u017cemy inspirowa\u0107 dzieci do odkrywania \u015bwiata, rozwija\u0107 ich wiedz\u0119 i zainteresowania.<\/p>\n\n\n\n<figure class=\"wp-block-gallery alignwide has-nested-images columns-4 is-cropped wp-block-gallery-1 is-layout-flex wp-block-gallery-is-layout-flex\">\n<figure class=\"wp-block-image size-full\"><img loading=\"lazy\" decoding=\"async\" width=\"2560\" height=\"2560\" data-id=\"544\" src=\"https:\/\/straznicylasu.pl\/wp-content\/uploads\/2022\/02\/P_20210618_143827_1_BOK-scaled.jpg\" alt=\"\" class=\"wp-image-544\" srcset=\"https:\/\/straznicylasu.pl\/wp-content\/uploads\/2022\/02\/P_20210618_143827_1_BOK-scaled.jpg 2560w, https:\/\/straznicylasu.pl\/wp-content\/uploads\/2022\/02\/P_20210618_143827_1_BOK-300x300.jpg 300w, https:\/\/straznicylasu.pl\/wp-content\/uploads\/2022\/02\/P_20210618_143827_1_BOK-1024x1024.jpg 1024w, https:\/\/straznicylasu.pl\/wp-content\/uploads\/2022\/02\/P_20210618_143827_1_BOK-150x150.jpg 150w, https:\/\/straznicylasu.pl\/wp-content\/uploads\/2022\/02\/P_20210618_143827_1_BOK-768x768.jpg 768w, https:\/\/straznicylasu.pl\/wp-content\/uploads\/2022\/02\/P_20210618_143827_1_BOK-1536x1536.jpg 1536w, https:\/\/straznicylasu.pl\/wp-content\/uploads\/2022\/02\/P_20210618_143827_1_BOK-2048x2048.jpg 2048w, https:\/\/straznicylasu.pl\/wp-content\/uploads\/2022\/02\/P_20210618_143827_1_BOK-60x60.jpg 60w\" sizes=\"auto, (max-width: 2560px) 100vw, 2560px\" \/><\/figure>\n\n\n\n<figure class=\"wp-block-image size-full\"><img loading=\"lazy\" decoding=\"async\" width=\"2560\" height=\"2560\" data-id=\"555\" src=\"https:\/\/straznicylasu.pl\/wp-content\/uploads\/2022\/02\/P_20210721_121114_1_BOK-scaled.jpg\" alt=\"\" class=\"wp-image-555\" srcset=\"https:\/\/straznicylasu.pl\/wp-content\/uploads\/2022\/02\/P_20210721_121114_1_BOK-scaled.jpg 2560w, https:\/\/straznicylasu.pl\/wp-content\/uploads\/2022\/02\/P_20210721_121114_1_BOK-300x300.jpg 300w, https:\/\/straznicylasu.pl\/wp-content\/uploads\/2022\/02\/P_20210721_121114_1_BOK-1024x1024.jpg 1024w, https:\/\/straznicylasu.pl\/wp-content\/uploads\/2022\/02\/P_20210721_121114_1_BOK-150x150.jpg 150w, https:\/\/straznicylasu.pl\/wp-content\/uploads\/2022\/02\/P_20210721_121114_1_BOK-768x768.jpg 768w, https:\/\/straznicylasu.pl\/wp-content\/uploads\/2022\/02\/P_20210721_121114_1_BOK-1536x1536.jpg 1536w, https:\/\/straznicylasu.pl\/wp-content\/uploads\/2022\/02\/P_20210721_121114_1_BOK-2048x2048.jpg 2048w, https:\/\/straznicylasu.pl\/wp-content\/uploads\/2022\/02\/P_20210721_121114_1_BOK-60x60.jpg 60w\" sizes=\"auto, (max-width: 2560px) 100vw, 2560px\" \/><\/figure>\n\n\n\n<figure class=\"wp-block-image size-full\"><img loading=\"lazy\" decoding=\"async\" width=\"2560\" height=\"2560\" data-id=\"542\" src=\"https:\/\/straznicylasu.pl\/wp-content\/uploads\/2022\/02\/P_20210721_141209_1_BOK-scaled.jpg\" alt=\"\" class=\"wp-image-542\" srcset=\"https:\/\/straznicylasu.pl\/wp-content\/uploads\/2022\/02\/P_20210721_141209_1_BOK-scaled.jpg 2560w, https:\/\/straznicylasu.pl\/wp-content\/uploads\/2022\/02\/P_20210721_141209_1_BOK-300x300.jpg 300w, https:\/\/straznicylasu.pl\/wp-content\/uploads\/2022\/02\/P_20210721_141209_1_BOK-1024x1024.jpg 1024w, https:\/\/straznicylasu.pl\/wp-content\/uploads\/2022\/02\/P_20210721_141209_1_BOK-150x150.jpg 150w, https:\/\/straznicylasu.pl\/wp-content\/uploads\/2022\/02\/P_20210721_141209_1_BOK-768x768.jpg 768w, https:\/\/straznicylasu.pl\/wp-content\/uploads\/2022\/02\/P_20210721_141209_1_BOK-1536x1536.jpg 1536w, https:\/\/straznicylasu.pl\/wp-content\/uploads\/2022\/02\/P_20210721_141209_1_BOK-2048x2048.jpg 2048w, https:\/\/straznicylasu.pl\/wp-content\/uploads\/2022\/02\/P_20210721_141209_1_BOK-60x60.jpg 60w\" sizes=\"auto, (max-width: 2560px) 100vw, 2560px\" \/><\/figure>\n\n\n\n<figure class=\"wp-block-image size-full\"><img loading=\"lazy\" decoding=\"async\" width=\"2560\" height=\"2560\" data-id=\"547\" src=\"https:\/\/straznicylasu.pl\/wp-content\/uploads\/2022\/02\/P_20210721_142934_1_BOK-scaled.jpg\" alt=\"\" class=\"wp-image-547\" srcset=\"https:\/\/straznicylasu.pl\/wp-content\/uploads\/2022\/02\/P_20210721_142934_1_BOK-scaled.jpg 2560w, https:\/\/straznicylasu.pl\/wp-content\/uploads\/2022\/02\/P_20210721_142934_1_BOK-300x300.jpg 300w, https:\/\/straznicylasu.pl\/wp-content\/uploads\/2022\/02\/P_20210721_142934_1_BOK-1024x1024.jpg 1024w, https:\/\/straznicylasu.pl\/wp-content\/uploads\/2022\/02\/P_20210721_142934_1_BOK-150x150.jpg 150w, https:\/\/straznicylasu.pl\/wp-content\/uploads\/2022\/02\/P_20210721_142934_1_BOK-768x768.jpg 768w, https:\/\/straznicylasu.pl\/wp-content\/uploads\/2022\/02\/P_20210721_142934_1_BOK-1536x1536.jpg 1536w, https:\/\/straznicylasu.pl\/wp-content\/uploads\/2022\/02\/P_20210721_142934_1_BOK-2048x2048.jpg 2048w, https:\/\/straznicylasu.pl\/wp-content\/uploads\/2022\/02\/P_20210721_142934_1_BOK-60x60.jpg 60w\" sizes=\"auto, (max-width: 2560px) 100vw, 2560px\" \/><\/figure>\n\n\n\n<figure class=\"wp-block-image size-full\"><img loading=\"lazy\" decoding=\"async\" width=\"2560\" height=\"2560\" data-id=\"543\" src=\"https:\/\/straznicylasu.pl\/wp-content\/uploads\/2022\/02\/P_20210812_151728_1_BOK_1-scaled.jpg\" alt=\"\" class=\"wp-image-543\" srcset=\"https:\/\/straznicylasu.pl\/wp-content\/uploads\/2022\/02\/P_20210812_151728_1_BOK_1-scaled.jpg 2560w, https:\/\/straznicylasu.pl\/wp-content\/uploads\/2022\/02\/P_20210812_151728_1_BOK_1-300x300.jpg 300w, https:\/\/straznicylasu.pl\/wp-content\/uploads\/2022\/02\/P_20210812_151728_1_BOK_1-1024x1024.jpg 1024w, https:\/\/straznicylasu.pl\/wp-content\/uploads\/2022\/02\/P_20210812_151728_1_BOK_1-150x150.jpg 150w, https:\/\/straznicylasu.pl\/wp-content\/uploads\/2022\/02\/P_20210812_151728_1_BOK_1-768x768.jpg 768w, https:\/\/straznicylasu.pl\/wp-content\/uploads\/2022\/02\/P_20210812_151728_1_BOK_1-1536x1536.jpg 1536w, https:\/\/straznicylasu.pl\/wp-content\/uploads\/2022\/02\/P_20210812_151728_1_BOK_1-2048x2048.jpg 2048w, https:\/\/straznicylasu.pl\/wp-content\/uploads\/2022\/02\/P_20210812_151728_1_BOK_1-60x60.jpg 60w\" sizes=\"auto, (max-width: 2560px) 100vw, 2560px\" \/><\/figure>\n\n\n\n<figure class=\"wp-block-image size-full\"><img loading=\"lazy\" decoding=\"async\" width=\"2560\" height=\"2560\" data-id=\"545\" src=\"https:\/\/straznicylasu.pl\/wp-content\/uploads\/2022\/02\/P_20210812_151844_1_BOK-scaled.jpg\" alt=\"\" class=\"wp-image-545\" srcset=\"https:\/\/straznicylasu.pl\/wp-content\/uploads\/2022\/02\/P_20210812_151844_1_BOK-scaled.jpg 2560w, https:\/\/straznicylasu.pl\/wp-content\/uploads\/2022\/02\/P_20210812_151844_1_BOK-300x300.jpg 300w, https:\/\/straznicylasu.pl\/wp-content\/uploads\/2022\/02\/P_20210812_151844_1_BOK-1024x1024.jpg 1024w, https:\/\/straznicylasu.pl\/wp-content\/uploads\/2022\/02\/P_20210812_151844_1_BOK-150x150.jpg 150w, https:\/\/straznicylasu.pl\/wp-content\/uploads\/2022\/02\/P_20210812_151844_1_BOK-768x768.jpg 768w, https:\/\/straznicylasu.pl\/wp-content\/uploads\/2022\/02\/P_20210812_151844_1_BOK-1536x1536.jpg 1536w, https:\/\/straznicylasu.pl\/wp-content\/uploads\/2022\/02\/P_20210812_151844_1_BOK-2048x2048.jpg 2048w, https:\/\/straznicylasu.pl\/wp-content\/uploads\/2022\/02\/P_20210812_151844_1_BOK-60x60.jpg 60w\" sizes=\"auto, (max-width: 2560px) 100vw, 2560px\" \/><\/figure>\n\n\n\n<figure class=\"wp-block-image size-full\"><img loading=\"lazy\" decoding=\"async\" width=\"2560\" height=\"2560\" data-id=\"552\" src=\"https:\/\/straznicylasu.pl\/wp-content\/uploads\/2022\/02\/P_20210812_155603_BOK_1-scaled.jpg\" alt=\"\" class=\"wp-image-552\" srcset=\"https:\/\/straznicylasu.pl\/wp-content\/uploads\/2022\/02\/P_20210812_155603_BOK_1-scaled.jpg 2560w, https:\/\/straznicylasu.pl\/wp-content\/uploads\/2022\/02\/P_20210812_155603_BOK_1-300x300.jpg 300w, https:\/\/straznicylasu.pl\/wp-content\/uploads\/2022\/02\/P_20210812_155603_BOK_1-1024x1024.jpg 1024w, https:\/\/straznicylasu.pl\/wp-content\/uploads\/2022\/02\/P_20210812_155603_BOK_1-150x150.jpg 150w, https:\/\/straznicylasu.pl\/wp-content\/uploads\/2022\/02\/P_20210812_155603_BOK_1-768x768.jpg 768w, https:\/\/straznicylasu.pl\/wp-content\/uploads\/2022\/02\/P_20210812_155603_BOK_1-1536x1536.jpg 1536w, https:\/\/straznicylasu.pl\/wp-content\/uploads\/2022\/02\/P_20210812_155603_BOK_1-2048x2048.jpg 2048w, https:\/\/straznicylasu.pl\/wp-content\/uploads\/2022\/02\/P_20210812_155603_BOK_1-60x60.jpg 60w\" sizes=\"auto, (max-width: 2560px) 100vw, 2560px\" \/><\/figure>\n\n\n\n<figure class=\"wp-block-image size-full\"><img loading=\"lazy\" decoding=\"async\" width=\"2560\" height=\"2560\" data-id=\"553\" src=\"https:\/\/straznicylasu.pl\/wp-content\/uploads\/2022\/02\/P_20210906_155532_1_BOK-scaled.jpg\" alt=\"\" class=\"wp-image-553\" srcset=\"https:\/\/straznicylasu.pl\/wp-content\/uploads\/2022\/02\/P_20210906_155532_1_BOK-scaled.jpg 2560w, https:\/\/straznicylasu.pl\/wp-content\/uploads\/2022\/02\/P_20210906_155532_1_BOK-300x300.jpg 300w, https:\/\/straznicylasu.pl\/wp-content\/uploads\/2022\/02\/P_20210906_155532_1_BOK-1024x1024.jpg 1024w, https:\/\/straznicylasu.pl\/wp-content\/uploads\/2022\/02\/P_20210906_155532_1_BOK-150x150.jpg 150w, https:\/\/straznicylasu.pl\/wp-content\/uploads\/2022\/02\/P_20210906_155532_1_BOK-768x768.jpg 768w, https:\/\/straznicylasu.pl\/wp-content\/uploads\/2022\/02\/P_20210906_155532_1_BOK-1536x1536.jpg 1536w, https:\/\/straznicylasu.pl\/wp-content\/uploads\/2022\/02\/P_20210906_155532_1_BOK-2048x2048.jpg 2048w, https:\/\/straznicylasu.pl\/wp-content\/uploads\/2022\/02\/P_20210906_155532_1_BOK-60x60.jpg 60w\" sizes=\"auto, (max-width: 2560px) 100vw, 2560px\" \/><\/figure>\n\n\n\n<figure class=\"wp-block-image size-full\"><img loading=\"lazy\" decoding=\"async\" width=\"2560\" height=\"1443\" data-id=\"551\" src=\"https:\/\/straznicylasu.pl\/wp-content\/uploads\/2022\/02\/P_20210928_154441_1_BOK-scaled.jpg\" alt=\"\" class=\"wp-image-551\" srcset=\"https:\/\/straznicylasu.pl\/wp-content\/uploads\/2022\/02\/P_20210928_154441_1_BOK-scaled.jpg 2560w, https:\/\/straznicylasu.pl\/wp-content\/uploads\/2022\/02\/P_20210928_154441_1_BOK-300x169.jpg 300w, https:\/\/straznicylasu.pl\/wp-content\/uploads\/2022\/02\/P_20210928_154441_1_BOK-1024x577.jpg 1024w, https:\/\/straznicylasu.pl\/wp-content\/uploads\/2022\/02\/P_20210928_154441_1_BOK-768x433.jpg 768w, https:\/\/straznicylasu.pl\/wp-content\/uploads\/2022\/02\/P_20210928_154441_1_BOK-1536x866.jpg 1536w, https:\/\/straznicylasu.pl\/wp-content\/uploads\/2022\/02\/P_20210928_154441_1_BOK-2048x1154.jpg 2048w, https:\/\/straznicylasu.pl\/wp-content\/uploads\/2022\/02\/P_20210928_154441_1_BOK-106x60.jpg 106w, https:\/\/straznicylasu.pl\/wp-content\/uploads\/2022\/02\/P_20210928_154441_1_BOK-840x473.jpg 840w\" sizes=\"auto, (max-width: 2560px) 100vw, 2560px\" \/><\/figure>\n\n\n\n<figure class=\"wp-block-image size-full\"><img loading=\"lazy\" decoding=\"async\" width=\"1443\" height=\"2560\" data-id=\"549\" src=\"https:\/\/straznicylasu.pl\/wp-content\/uploads\/2022\/02\/P_20211002_121517_BOK_1-scaled.jpg\" alt=\"\" class=\"wp-image-549\" srcset=\"https:\/\/straznicylasu.pl\/wp-content\/uploads\/2022\/02\/P_20211002_121517_BOK_1-scaled.jpg 1443w, https:\/\/straznicylasu.pl\/wp-content\/uploads\/2022\/02\/P_20211002_121517_BOK_1-169x300.jpg 169w, https:\/\/straznicylasu.pl\/wp-content\/uploads\/2022\/02\/P_20211002_121517_BOK_1-577x1024.jpg 577w, https:\/\/straznicylasu.pl\/wp-content\/uploads\/2022\/02\/P_20211002_121517_BOK_1-768x1363.jpg 768w, https:\/\/straznicylasu.pl\/wp-content\/uploads\/2022\/02\/P_20211002_121517_BOK_1-866x1536.jpg 866w, https:\/\/straznicylasu.pl\/wp-content\/uploads\/2022\/02\/P_20211002_121517_BOK_1-1154x2048.jpg 1154w, https:\/\/straznicylasu.pl\/wp-content\/uploads\/2022\/02\/P_20211002_121517_BOK_1-34x60.jpg 34w\" sizes=\"auto, (max-width: 1443px) 100vw, 1443px\" \/><\/figure>\n\n\n\n<figure class=\"wp-block-image size-full\"><img loading=\"lazy\" decoding=\"async\" width=\"1443\" height=\"2560\" data-id=\"550\" src=\"https:\/\/straznicylasu.pl\/wp-content\/uploads\/2022\/02\/P_20211029_104042_BOK-scaled.jpg\" alt=\"\" class=\"wp-image-550\" srcset=\"https:\/\/straznicylasu.pl\/wp-content\/uploads\/2022\/02\/P_20211029_104042_BOK-scaled.jpg 1443w, https:\/\/straznicylasu.pl\/wp-content\/uploads\/2022\/02\/P_20211029_104042_BOK-169x300.jpg 169w, https:\/\/straznicylasu.pl\/wp-content\/uploads\/2022\/02\/P_20211029_104042_BOK-577x1024.jpg 577w, https:\/\/straznicylasu.pl\/wp-content\/uploads\/2022\/02\/P_20211029_104042_BOK-768x1363.jpg 768w, https:\/\/straznicylasu.pl\/wp-content\/uploads\/2022\/02\/P_20211029_104042_BOK-866x1536.jpg 866w, https:\/\/straznicylasu.pl\/wp-content\/uploads\/2022\/02\/P_20211029_104042_BOK-1154x2048.jpg 1154w, https:\/\/straznicylasu.pl\/wp-content\/uploads\/2022\/02\/P_20211029_104042_BOK-34x60.jpg 34w\" sizes=\"auto, (max-width: 1443px) 100vw, 1443px\" \/><\/figure>\n\n\n\n<figure class=\"wp-block-image size-full\"><img loading=\"lazy\" decoding=\"async\" width=\"2560\" height=\"2560\" data-id=\"546\" src=\"https:\/\/straznicylasu.pl\/wp-content\/uploads\/2022\/02\/P_20220107_115221_BOK-scaled.jpg\" alt=\"\" class=\"wp-image-546\" srcset=\"https:\/\/straznicylasu.pl\/wp-content\/uploads\/2022\/02\/P_20220107_115221_BOK-scaled.jpg 2560w, https:\/\/straznicylasu.pl\/wp-content\/uploads\/2022\/02\/P_20220107_115221_BOK-300x300.jpg 300w, https:\/\/straznicylasu.pl\/wp-content\/uploads\/2022\/02\/P_20220107_115221_BOK-1024x1024.jpg 1024w, https:\/\/straznicylasu.pl\/wp-content\/uploads\/2022\/02\/P_20220107_115221_BOK-150x150.jpg 150w, https:\/\/straznicylasu.pl\/wp-content\/uploads\/2022\/02\/P_20220107_115221_BOK-768x768.jpg 768w, https:\/\/straznicylasu.pl\/wp-content\/uploads\/2022\/02\/P_20220107_115221_BOK-1536x1536.jpg 1536w, https:\/\/straznicylasu.pl\/wp-content\/uploads\/2022\/02\/P_20220107_115221_BOK-2048x2048.jpg 2048w, https:\/\/straznicylasu.pl\/wp-content\/uploads\/2022\/02\/P_20220107_115221_BOK-60x60.jpg 60w\" sizes=\"auto, (max-width: 2560px) 100vw, 2560px\" \/><\/figure>\n\n\n\n<figure class=\"wp-block-image size-full\"><img loading=\"lazy\" decoding=\"async\" width=\"1440\" height=\"2560\" data-id=\"560\" src=\"https:\/\/straznicylasu.pl\/wp-content\/uploads\/2022\/02\/P_20211009_111622_1_BOK_1-scaled.jpg\" alt=\"\" class=\"wp-image-560\" srcset=\"https:\/\/straznicylasu.pl\/wp-content\/uploads\/2022\/02\/P_20211009_111622_1_BOK_1-scaled.jpg 1440w, https:\/\/straznicylasu.pl\/wp-content\/uploads\/2022\/02\/P_20211009_111622_1_BOK_1-169x300.jpg 169w, https:\/\/straznicylasu.pl\/wp-content\/uploads\/2022\/02\/P_20211009_111622_1_BOK_1-576x1024.jpg 576w, https:\/\/straznicylasu.pl\/wp-content\/uploads\/2022\/02\/P_20211009_111622_1_BOK_1-768x1365.jpg 768w, https:\/\/straznicylasu.pl\/wp-content\/uploads\/2022\/02\/P_20211009_111622_1_BOK_1-864x1536.jpg 864w, https:\/\/straznicylasu.pl\/wp-content\/uploads\/2022\/02\/P_20211009_111622_1_BOK_1-1152x2048.jpg 1152w, https:\/\/straznicylasu.pl\/wp-content\/uploads\/2022\/02\/P_20211009_111622_1_BOK_1-34x60.jpg 34w\" sizes=\"auto, (max-width: 1440px) 100vw, 1440px\" \/><\/figure>\n\n\n\n<figure class=\"wp-block-image size-full\"><img loading=\"lazy\" decoding=\"async\" width=\"1080\" height=\"605\" data-id=\"558\" src=\"https:\/\/straznicylasu.pl\/wp-content\/uploads\/2022\/02\/Screenshot_20220212-200507_1.jpg\" alt=\"\" class=\"wp-image-558\" srcset=\"https:\/\/straznicylasu.pl\/wp-content\/uploads\/2022\/02\/Screenshot_20220212-200507_1.jpg 1080w, https:\/\/straznicylasu.pl\/wp-content\/uploads\/2022\/02\/Screenshot_20220212-200507_1-300x168.jpg 300w, https:\/\/straznicylasu.pl\/wp-content\/uploads\/2022\/02\/Screenshot_20220212-200507_1-1024x574.jpg 1024w, https:\/\/straznicylasu.pl\/wp-content\/uploads\/2022\/02\/Screenshot_20220212-200507_1-768x430.jpg 768w, https:\/\/straznicylasu.pl\/wp-content\/uploads\/2022\/02\/Screenshot_20220212-200507_1-107x60.jpg 107w\" sizes=\"auto, (max-width: 1080px) 100vw, 1080px\" \/><\/figure>\n\n\n\n<figure class=\"wp-block-image size-full\"><img loading=\"lazy\" decoding=\"async\" width=\"2560\" height=\"1443\" data-id=\"554\" src=\"https:\/\/straznicylasu.pl\/wp-content\/uploads\/2022\/02\/P_20211127_130727-scaled.jpg\" alt=\"\" class=\"wp-image-554\" srcset=\"https:\/\/straznicylasu.pl\/wp-content\/uploads\/2022\/02\/P_20211127_130727-scaled.jpg 2560w, https:\/\/straznicylasu.pl\/wp-content\/uploads\/2022\/02\/P_20211127_130727-300x169.jpg 300w, https:\/\/straznicylasu.pl\/wp-content\/uploads\/2022\/02\/P_20211127_130727-1024x577.jpg 1024w, https:\/\/straznicylasu.pl\/wp-content\/uploads\/2022\/02\/P_20211127_130727-768x433.jpg 768w, https:\/\/straznicylasu.pl\/wp-content\/uploads\/2022\/02\/P_20211127_130727-1536x866.jpg 1536w, https:\/\/straznicylasu.pl\/wp-content\/uploads\/2022\/02\/P_20211127_130727-2048x1154.jpg 2048w, https:\/\/straznicylasu.pl\/wp-content\/uploads\/2022\/02\/P_20211127_130727-106x60.jpg 106w, https:\/\/straznicylasu.pl\/wp-content\/uploads\/2022\/02\/P_20211127_130727-840x473.jpg 840w\" sizes=\"auto, (max-width: 2560px) 100vw, 2560px\" \/><\/figure>\n\n\n\n<figure class=\"wp-block-image size-full\"><img loading=\"lazy\" decoding=\"async\" width=\"1080\" height=\"798\" data-id=\"557\" src=\"https:\/\/straznicylasu.pl\/wp-content\/uploads\/2022\/02\/Screenshot_20220212-200239_1.jpg\" alt=\"\" class=\"wp-image-557\" srcset=\"https:\/\/straznicylasu.pl\/wp-content\/uploads\/2022\/02\/Screenshot_20220212-200239_1.jpg 1080w, https:\/\/straznicylasu.pl\/wp-content\/uploads\/2022\/02\/Screenshot_20220212-200239_1-300x222.jpg 300w, https:\/\/straznicylasu.pl\/wp-content\/uploads\/2022\/02\/Screenshot_20220212-200239_1-1024x757.jpg 1024w, https:\/\/straznicylasu.pl\/wp-content\/uploads\/2022\/02\/Screenshot_20220212-200239_1-768x567.jpg 768w, https:\/\/straznicylasu.pl\/wp-content\/uploads\/2022\/02\/Screenshot_20220212-200239_1-81x60.jpg 81w\" sizes=\"auto, (max-width: 1080px) 100vw, 1080px\" \/><\/figure>\n\n\n\n<figure class=\"wp-block-image size-full\"><img loading=\"lazy\" decoding=\"async\" width=\"1670\" height=\"1077\" data-id=\"566\" src=\"https:\/\/straznicylasu.pl\/wp-content\/uploads\/2022\/02\/Screenshot_20220212-200948_1-edited.jpg\" alt=\"\" class=\"wp-image-566\" srcset=\"https:\/\/straznicylasu.pl\/wp-content\/uploads\/2022\/02\/Screenshot_20220212-200948_1-edited.jpg 1670w, https:\/\/straznicylasu.pl\/wp-content\/uploads\/2022\/02\/Screenshot_20220212-200948_1-edited-300x193.jpg 300w, https:\/\/straznicylasu.pl\/wp-content\/uploads\/2022\/02\/Screenshot_20220212-200948_1-edited-1024x660.jpg 1024w, https:\/\/straznicylasu.pl\/wp-content\/uploads\/2022\/02\/Screenshot_20220212-200948_1-edited-768x495.jpg 768w, https:\/\/straznicylasu.pl\/wp-content\/uploads\/2022\/02\/Screenshot_20220212-200948_1-edited-1536x991.jpg 1536w, https:\/\/straznicylasu.pl\/wp-content\/uploads\/2022\/02\/Screenshot_20220212-200948_1-edited-93x60.jpg 93w\" sizes=\"auto, (max-width: 1670px) 100vw, 1670px\" \/><\/figure>\n<\/figure>\n\n\n\n<div class=\"wp-block-image\"><figure class=\"aligncenter size-large\"><img loading=\"lazy\" decoding=\"async\" width=\"1024\" height=\"149\" src=\"https:\/\/straznicylasu.pl\/wp-content\/uploads\/2022\/01\/wiewiurka-pasek-1-1024x149.jpg\" alt=\"\" class=\"wp-image-218\" srcset=\"https:\/\/straznicylasu.pl\/wp-content\/uploads\/2022\/01\/wiewiurka-pasek-1-1024x149.jpg 1024w, https:\/\/straznicylasu.pl\/wp-content\/uploads\/2022\/01\/wiewiurka-pasek-1-300x44.jpg 300w, https:\/\/straznicylasu.pl\/wp-content\/uploads\/2022\/01\/wiewiurka-pasek-1-768x112.jpg 768w, https:\/\/straznicylasu.pl\/wp-content\/uploads\/2022\/01\/wiewiurka-pasek-1-412x60.jpg 412w, https:\/\/straznicylasu.pl\/wp-content\/uploads\/2022\/01\/wiewiurka-pasek-1.jpg 1368w\" sizes=\"auto, (max-width: 1024px) 100vw, 1024px\" \/><\/figure><\/div>\n","protected":false},"excerpt":{"rendered":"<p>W naszym przedszkolu dbamy o wszechstronny rozw\u00f3j Dzieci. Ka\u017cde dziecko realizuje sw\u00f3j indywidualny program nauczania oraz&nbsp;podstaw\u0119 programow\u0105 MEN zgodnie z&nbsp;za\u0142o\u017ceniami pedagogiki Marii Montessori. Opr\u00f3cz pracy &hellip; <\/p>\n","protected":false},"author":1,"featured_media":0,"parent":0,"menu_order":0,"comment_status":"closed","ping_status":"closed","template":"","meta":{"footnotes":""},"class_list":["post-486","page","type-page","status-publish","hentry","latest_post"],"_links":{"self":[{"href":"https:\/\/straznicylasu.pl\/index.php\/wp-json\/wp\/v2\/pages\/486","targetHints":{"allow":["GET"]}}],"collection":[{"href":"https:\/\/straznicylasu.pl\/index.php\/wp-json\/wp\/v2\/pages"}],"about":[{"href":"https:\/\/straznicylasu.pl\/index.php\/wp-json\/wp\/v2\/types\/page"}],"author":[{"embeddable":true,"href":"https:\/\/straznicylasu.pl\/index.php\/wp-json\/wp\/v2\/users\/1"}],"replies":[{"embeddable":true,"href":"https:\/\/straznicylasu.pl\/index.php\/wp-json\/wp\/v2\/comments?post=486"}],"version-history":[{"count":8,"href":"https:\/\/straznicylasu.pl\/index.php\/wp-json\/wp\/v2\/pages\/486\/revisions"}],"predecessor-version":[{"id":596,"href":"https:\/\/straznicylasu.pl\/index.php\/wp-json\/wp\/v2\/pages\/486\/revisions\/596"}],"wp:attachment":[{"href":"https:\/\/straznicylasu.pl\/index.php\/wp-json\/wp\/v2\/media?parent=486"}],"curies":[{"name":"wp","href":"https:\/\/api.w.org\/{rel}","templated":true}]}}