{"id":393,"date":"2022-02-11T12:16:42","date_gmt":"2022-02-11T12:16:42","guid":{"rendered":"https:\/\/straznicylasu.pl\/?page_id=393"},"modified":"2022-02-12T19:10:55","modified_gmt":"2022-02-12T19:10:55","slug":"otoczenie","status":"publish","type":"page","link":"https:\/\/straznicylasu.pl\/index.php\/otoczenie\/","title":{"rendered":"Otoczenie"},"content":{"rendered":"\n<figure class=\"wp-block-pullquote\"><blockquote><p><em>&nbsp;\u201eNie tylko materia\u0142 do kszta\u0142cenia zmys\u0142\u00f3w, lecz tak\u017ce ca\u0142e otoczenie przygotowane jest tak, by zach\u0119ca\u0107 dzieci, dok\u0142adnie tak samo jak w naturze kolorowe p\u0142atki kwiat\u00f3w przyci\u0105gaj\u0105 owady, kt\u00f3re maj\u0105 wyssa\u0107 ukryty w nich nektar.\u201d<\/em><\/p><\/blockquote><\/figure>\n\n\n\n<p>Otoczenie dziecka jest w pedagogice Marii Montessori rozumiane bardzo szeroko. To nie tylko budynek i sale przedszkolne, ich wyposa\u017cenie, znajduj\u0105ce si\u0119 w salach ro\u015bliny i zwierz\u0119ta, ale te\u017c zgromadzony w nich materia\u0142 rozwojowy. To tak\u017ce osoba nauczyciela oraz spos\u00f3b, w jaki organizuje on prac\u0119 \u2013 stwarzaj\u0105c dzieciom mo\u017cliwo\u015b\u0107 dzia\u0142ania przez do\u015bwiadczenie.<\/p>\n\n\n\n<p>Sale naszego przedszkola&nbsp; przygotowane s\u0105 w systemie Montessori i s\u0105 podzielone na obszary zaj\u0119\u0107 i zada\u0144 , wyposa\u017cone s\u0105 w zestawy uporz\u0105dkowanych materia\u0142\u00f3w edukacyjnych, z kt\u00f3rych ka\u017cdy ma swoje sta\u0142e miejsce a tak\u017ce sekwencje uporz\u0105dkowanych wed\u0142ug stopnia trudno\u015bci \u0107wicze\u0144 z u\u017cyciem tych materia\u0142\u00f3w. W tym znajduje sw\u00f3j wyraz <strong>zasada \u0142adu i porz\u0105dku.&nbsp;&nbsp;<\/strong><\/p>\n\n\n\n<p><strong>\u0141ad i porz\u0105dek wok\u00f3\u0142 dziecka u\u0142atwia koncentracj\u0119, wyrabia zaufanie do otoczenia, uczy wsp\u00f3\u0142pracy z nim.<\/strong><\/p>\n\n\n\n<p>Pomoce dydaktyczne Montessori usamodzielniaj\u0105 dzieci.<\/p>\n\n\n\n<p>Sala swobodnej zabawy&nbsp; wyposa\u017cona jest w zabawki z naturalnych materia\u0142\u00f3w, kt\u00f3re pobudzaj\u0105 wyobra\u017ani\u0119 dziecka. Przedmioty takie staj\u0105 si\u0119 w zabawie zawsze dok\u0142adnie tym, co stworzy\u0142a fantazja dziecka.&nbsp; A si\u0142y fantazji zamieni\u0105 si\u0119&nbsp; w p\u00f3\u017aniejszych latach w zdolno\u015b\u0107 do kreatywnego my\u015blenia.<\/p>\n\n\n\n<p>Dzieci w naszym przedszkolu obserwuj\u0105 r\u00f3wnie\u017c proces r\u0119cznego wykonywania zabawek przez nauczycieli, co jest nies\u0142ychanie wa\u017cne i wp\u0142ywa na pomy\u015blny rozw\u00f3j dziecka.&nbsp;&nbsp;<\/p>\n\n\n\n<figure class=\"wp-block-pullquote\"><blockquote><p><em>\u201eZadaniem rodzic\u00f3w i nauczycieli jest organizowanie takiego otoczenia w domu, przedszkolu i szkole, aby wspiera\u0107 rozw\u00f3j dziecka. [\u2026] Otoczenie stanowi tu t\u0142o prawdziwego, wewn\u0119trznego rozwoju.\u201d<\/em><\/p><\/blockquote><\/figure>\n\n\n\n<div class=\"wp-block-image\"><figure class=\"aligncenter size-large\"><img loading=\"lazy\" decoding=\"async\" width=\"1024\" height=\"683\" src=\"https:\/\/straznicylasu.pl\/wp-content\/uploads\/2022\/02\/AdobeStock_321743853-1-1024x683.jpg\" alt=\"\" class=\"wp-image-257\" srcset=\"https:\/\/straznicylasu.pl\/wp-content\/uploads\/2022\/02\/AdobeStock_321743853-1-1024x683.jpg 1024w, https:\/\/straznicylasu.pl\/wp-content\/uploads\/2022\/02\/AdobeStock_321743853-1-300x200.jpg 300w, https:\/\/straznicylasu.pl\/wp-content\/uploads\/2022\/02\/AdobeStock_321743853-1-768x512.jpg 768w, https:\/\/straznicylasu.pl\/wp-content\/uploads\/2022\/02\/AdobeStock_321743853-1-1536x1025.jpg 1536w, https:\/\/straznicylasu.pl\/wp-content\/uploads\/2022\/02\/AdobeStock_321743853-1-2048x1366.jpg 2048w, https:\/\/straznicylasu.pl\/wp-content\/uploads\/2022\/02\/AdobeStock_321743853-1-90x60.jpg 90w, https:\/\/straznicylasu.pl\/wp-content\/uploads\/2022\/02\/AdobeStock_321743853-1-420x280.jpg 420w\" sizes=\"auto, (max-width: 1024px) 100vw, 1024px\" \/><\/figure><\/div>\n\n\n\n<div class=\"wp-block-image\"><figure class=\"aligncenter size-large\"><img loading=\"lazy\" decoding=\"async\" width=\"1024\" height=\"149\" src=\"https:\/\/straznicylasu.pl\/wp-content\/uploads\/2022\/01\/wiewiurka-pasek-1-1024x149.jpg\" alt=\"\" class=\"wp-image-218\" srcset=\"https:\/\/straznicylasu.pl\/wp-content\/uploads\/2022\/01\/wiewiurka-pasek-1-1024x149.jpg 1024w, https:\/\/straznicylasu.pl\/wp-content\/uploads\/2022\/01\/wiewiurka-pasek-1-300x44.jpg 300w, https:\/\/straznicylasu.pl\/wp-content\/uploads\/2022\/01\/wiewiurka-pasek-1-768x112.jpg 768w, https:\/\/straznicylasu.pl\/wp-content\/uploads\/2022\/01\/wiewiurka-pasek-1-412x60.jpg 412w, https:\/\/straznicylasu.pl\/wp-content\/uploads\/2022\/01\/wiewiurka-pasek-1.jpg 1368w\" sizes=\"auto, (max-width: 1024px) 100vw, 1024px\" \/><\/figure><\/div>\n","protected":false},"excerpt":{"rendered":"<p>&nbsp;\u201eNie tylko materia\u0142 do kszta\u0142cenia zmys\u0142\u00f3w, lecz tak\u017ce ca\u0142e otoczenie przygotowane jest tak, by zach\u0119ca\u0107 dzieci, dok\u0142adnie tak samo jak w naturze kolorowe p\u0142atki kwiat\u00f3w &hellip; <\/p>\n","protected":false},"author":1,"featured_media":0,"parent":0,"menu_order":0,"comment_status":"closed","ping_status":"closed","template":"","meta":{"footnotes":""},"class_list":["post-393","page","type-page","status-publish","hentry","latest_post"],"_links":{"self":[{"href":"https:\/\/straznicylasu.pl\/index.php\/wp-json\/wp\/v2\/pages\/393","targetHints":{"allow":["GET"]}}],"collection":[{"href":"https:\/\/straznicylasu.pl\/index.php\/wp-json\/wp\/v2\/pages"}],"about":[{"href":"https:\/\/straznicylasu.pl\/index.php\/wp-json\/wp\/v2\/types\/page"}],"author":[{"embeddable":true,"href":"https:\/\/straznicylasu.pl\/index.php\/wp-json\/wp\/v2\/users\/1"}],"replies":[{"embeddable":true,"href":"https:\/\/straznicylasu.pl\/index.php\/wp-json\/wp\/v2\/comments?post=393"}],"version-history":[{"count":7,"href":"https:\/\/straznicylasu.pl\/index.php\/wp-json\/wp\/v2\/pages\/393\/revisions"}],"predecessor-version":[{"id":533,"href":"https:\/\/straznicylasu.pl\/index.php\/wp-json\/wp\/v2\/pages\/393\/revisions\/533"}],"wp:attachment":[{"href":"https:\/\/straznicylasu.pl\/index.php\/wp-json\/wp\/v2\/media?parent=393"}],"curies":[{"name":"wp","href":"https:\/\/api.w.org\/{rel}","templated":true}]}}