{"id":378,"date":"2022-02-11T12:01:24","date_gmt":"2022-02-11T12:01:24","guid":{"rendered":"https:\/\/straznicylasu.pl\/?page_id=378"},"modified":"2022-02-12T19:08:00","modified_gmt":"2022-02-12T19:08:00","slug":"o-nas","status":"publish","type":"page","link":"https:\/\/straznicylasu.pl\/index.php\/o-nas\/","title":{"rendered":"O nas"},"content":{"rendered":"\n<div class=\"wp-block-columns is-layout-flex wp-container-core-columns-is-layout-9d6595d7 wp-block-columns-is-layout-flex\">\n<div class=\"wp-block-column is-layout-flow wp-block-column-is-layout-flow\">\n<p>Z ogromn\u0105 rado\u015bci\u0105 informujemy, \u017ce z wielkiej potrzeby serca wyruszyli\u015bmy w niezwyk\u0142\u0105 podr\u00f3\u017c &#8211; tworzymy Przedszkole Montessori w Chrzanowie! Jest to kameralne przedszkole domowo &#8211; le\u015bne do kt\u00f3rego zapraszamy rodzic\u00f3w pragn\u0105cych dla swoich dzieci dostrze\u017cenia w nich istoty niepowtarzalnej, dobrej i godnej szacunku. <strong>To przyjazne rodzinom miejsce,&nbsp; gdzie dzieci rozwijaj\u0105 skrzyd\u0142a, by kiedy\u015b polecie\u0107 wysoko i pewnie w \u015bwiat.<\/strong> To miejsce, w kt\u00f3rym pomagamy dzieciom wykszta\u0142ci\u0107 prawid\u0142owe poczucie w\u0142asnej warto\u015bci, rozbudzi\u0107 wewn\u0119trzn\u0105 motywacj\u0119, kt\u00f3ra&nbsp; b\u0119dzie motorem dzia\u0142ania , odporn\u0105 na przeszkody p\u0142yn\u0105ce z zewn\u0119trznego \u015bwiata.<\/p>\n\n\n\n<p><\/p>\n<\/div>\n\n\n\n<div class=\"wp-block-column is-layout-flow wp-block-column-is-layout-flow\">\n<p class=\"has-text-align-left\">Pedagogika Montessori pomaga w rozwijaniu indywidualnych cech osobowo\u015bci, w formowaniu prawid\u0142owego charakteru, zdobywaniu wiedzy, umiej\u0119tno\u015bci \u017cyciowych, szkolnych oraz wsp\u00f3\u0142dzia\u0142ania. Uznajemy, \u017ce ka\u017cde dziecko jest inne i powinno rozwija\u0107 si\u0119 wed\u0142ug stworzonych przez siebie indywidualnych plan\u00f3w rozwojowych. W planach tych zapisane s\u0105 jego mo\u017cliwo\u015bci, kompetencje i umiej\u0119tno\u015bci, umo\u017cliwiaj\u0105ce mu nauk\u0119 samodzieln\u0105 i efektywniejsz\u0105.<br>Tworzymy domow\u0105, bezpieczn\u0105, pe\u0142n\u0105 harmonii przestrze\u0144 oraz du\u017cy ogr\u00f3d z naturalnym placem zabaw.<br>Zapraszamy wi\u0119c rodzic\u00f3w, kt\u00f3rzy pragn\u0105 dla swoich dzieci indywidualnego podej\u015bcia oraz codziennego kontaktu z natur\u0105.<br>Zainteresowanych rodzic\u00f3w zapraszamy do kontaktu :))<\/p>\n<\/div>\n<\/div>\n\n\n\n<div class=\"wp-block-image\"><figure class=\"aligncenter size-large\"><img loading=\"lazy\" decoding=\"async\" width=\"1024\" height=\"96\" src=\"https:\/\/straznicylasu.pl\/wp-content\/uploads\/2022\/01\/jeze-pasek-1024x96.jpg\" alt=\"\" class=\"wp-image-196\" srcset=\"https:\/\/straznicylasu.pl\/wp-content\/uploads\/2022\/01\/jeze-pasek-1024x96.jpg 1024w, https:\/\/straznicylasu.pl\/wp-content\/uploads\/2022\/01\/jeze-pasek-300x28.jpg 300w, https:\/\/straznicylasu.pl\/wp-content\/uploads\/2022\/01\/jeze-pasek-768x72.jpg 768w, https:\/\/straznicylasu.pl\/wp-content\/uploads\/2022\/01\/jeze-pasek-600x56.jpg 600w, https:\/\/straznicylasu.pl\/wp-content\/uploads\/2022\/01\/jeze-pasek.jpg 1340w\" sizes=\"auto, (max-width: 1024px) 100vw, 1024px\" \/><\/figure><\/div>\n","protected":false},"excerpt":{"rendered":"<p>Z ogromn\u0105 rado\u015bci\u0105 informujemy, \u017ce z wielkiej potrzeby serca wyruszyli\u015bmy w niezwyk\u0142\u0105 podr\u00f3\u017c &#8211; tworzymy Przedszkole Montessori w Chrzanowie! Jest to kameralne przedszkole domowo &#8211; &hellip; <\/p>\n","protected":false},"author":1,"featured_media":0,"parent":0,"menu_order":0,"comment_status":"closed","ping_status":"closed","template":"","meta":{"footnotes":""},"class_list":["post-378","page","type-page","status-publish","hentry","latest_post"],"_links":{"self":[{"href":"https:\/\/straznicylasu.pl\/index.php\/wp-json\/wp\/v2\/pages\/378","targetHints":{"allow":["GET"]}}],"collection":[{"href":"https:\/\/straznicylasu.pl\/index.php\/wp-json\/wp\/v2\/pages"}],"about":[{"href":"https:\/\/straznicylasu.pl\/index.php\/wp-json\/wp\/v2\/types\/page"}],"author":[{"embeddable":true,"href":"https:\/\/straznicylasu.pl\/index.php\/wp-json\/wp\/v2\/users\/1"}],"replies":[{"embeddable":true,"href":"https:\/\/straznicylasu.pl\/index.php\/wp-json\/wp\/v2\/comments?post=378"}],"version-history":[{"count":8,"href":"https:\/\/straznicylasu.pl\/index.php\/wp-json\/wp\/v2\/pages\/378\/revisions"}],"predecessor-version":[{"id":529,"href":"https:\/\/straznicylasu.pl\/index.php\/wp-json\/wp\/v2\/pages\/378\/revisions\/529"}],"wp:attachment":[{"href":"https:\/\/straznicylasu.pl\/index.php\/wp-json\/wp\/v2\/media?parent=378"}],"curies":[{"name":"wp","href":"https:\/\/api.w.org\/{rel}","templated":true}]}}