{"id":239,"date":"2022-02-10T04:49:54","date_gmt":"2022-02-10T04:49:54","guid":{"rendered":"https:\/\/straznicylasu.pl\/?page_id=239"},"modified":"2022-02-12T18:40:23","modified_gmt":"2022-02-12T18:40:23","slug":"maria-montessorii","status":"publish","type":"page","link":"https:\/\/straznicylasu.pl\/index.php\/maria-montessorii\/","title":{"rendered":"Maria Montessorii"},"content":{"rendered":"\n<div class=\"wp-block-image\"><figure class=\"aligncenter\"><img loading=\"lazy\" decoding=\"async\" width=\"302\" height=\"464\" src=\"https:\/\/straznicylasu.pl\/wp-content\/uploads\/2022\/02\/MariaMontessori-302x464-1.jpg\" alt=\"Maria Montessori\" class=\"wp-image-254\" srcset=\"https:\/\/straznicylasu.pl\/wp-content\/uploads\/2022\/02\/MariaMontessori-302x464-1.jpg 302w, https:\/\/straznicylasu.pl\/wp-content\/uploads\/2022\/02\/MariaMontessori-302x464-1-195x300.jpg 195w, https:\/\/straznicylasu.pl\/wp-content\/uploads\/2022\/02\/MariaMontessori-302x464-1-39x60.jpg 39w\" sizes=\"auto, (max-width: 302px) 100vw, 302px\" \/><figcaption>Maria Montessori<\/figcaption><\/figure><\/div>\n\n\n\n<p><strong>Kim by\u0142a ta wyj\u0105tkowa kobieta?<\/strong><\/p>\n\n\n\n<p>Maria Montessori, W\u0142oszka, lekarka, pedagog, wyj\u0105tkowa kobieta. Swoimi dokonaniami zdecydowanie wyprzedzi\u0142a epok\u0119. Jej obserwacje, odkrycia i ca\u0142a my\u015bl pedagogiczna, cho\u0107 powsta\u0142y ponad 100 lat temu, s\u0105 aktualne do dzisiaj. Na ca\u0142ym \u015bwiecie powstaj\u0105 kolejne \u017c\u0142obki, przedszkola i szko\u0142y, w kt\u00f3rych, w przygotowanym otoczeniu, pozwalamy dziecku, w my\u015bl pedagogiki Marii Montessori, rozwija\u0107 w\u0142asny potencja\u0142. Dziecko staje si\u0119 budowniczym Cz\u0142owieka\u2026<\/p>\n\n\n\n<p>W 1913 r. \u201eNew York Tribune\u201d nazwa\u0142 j\u0105 najbardziej interesuj\u0105c\u0105 kobiet\u0105 Europy i cho\u0107 Maria Montessori mia\u0142a w\u00f3wczas zaledwie czterdzie\u015bci trzy lata, droga jak\u0105 przeby\u0142a do tego tytu\u0142u by\u0142a d\u0142uga i pe\u0142na wyt\u0119\u017conej pracy.<\/p>\n\n\n\n<p>Urodzona w religijnej rodzinie zawsze przywi\u0105zywa\u0142a du\u017c\u0105 uwag\u0119 do kwestii wiary. By\u0142a przy tym bardzo aktywna na polu spo\u0142ecznym. Prze\u0142om XIX i XX w. by\u0142 we W\u0142oszech okresem intensywnego rozwoju ruch\u00f3w kobiecych, otwieraj\u0105c przed kobietami nowe mo\u017cliwo\u015bci, z kt\u00f3rych m\u0142oda Maria Montessori nie waha\u0142a si\u0119 skorzysta\u0107. Jako jedna z pierwszych kobiet w kraju uko\u0144czy\u0142a studia medyczne. \u015awie\u017co upieczona, ambitna lekarka rozpocz\u0119\u0142a swoj\u0105 pierwsz\u0105 prac\u0119 w rzymskim zak\u0142adzie dla os\u00f3b z niepe\u0142nosprawno\u015bci\u0105 intelektualn\u0105. To tu po raz pierwszy zauwa\u017cy\u0142a u dzieci naturalne d\u0105\u017cenie do aktywno\u015bci. W oparciu o ich obserwacj\u0119 Montessori zacz\u0119\u0142a tworzy\u0107 pierwsze pomoce, kszta\u0142c\u0105ce zmys\u0142y i codzienne praktyczne czynno\u015bci. Jej podopieczni poczynili ogromne post\u0119py w rozwoju, a &nbsp;wiadomo\u015b\u0107 o wyj\u0105tkowych efektach pracy m\u0142odej lekarki obieg\u0142a W\u0142ochy, a wkr\u00f3tce ca\u0142y \u015bwiat.<\/p>\n\n\n\n<p>W 1907 r. otworzy\u0142a pierwsze przedszkole. Wszystko w nim by\u0142o zrobione z my\u015bl\u0105 o dzieciach. Mia\u0142y one czu\u0107 si\u0119 tam jak w domu, co odzwierciedla\u0142a nazwa \u201eCasa dei Bambini\u201d czyli \u201eDom dzieci\u201d. Ucz\u0119szcza\u0142y do niego dzieci z ubogich rodzin zamieszkuj\u0105cych robotnicz\u0105 dzielnic\u0119. Maria Montessori przenios\u0142a na grunt nowej plac\u00f3wki do\u015bwiadczenia z o\u015brodka dla os\u00f3b z niepe\u0142nosprawno\u015bci\u0105 intelektualn\u0105. Wiedzia\u0142a ju\u017c, \u017ce zar\u00f3wno dzieci zdrowe jak i chore maj\u0105 te same potrzeby \u2013 potrzeb\u0119 rozwoju i szacunku. My\u015bl ta sta\u0142a si\u0119 g\u0142\u00f3wnym filarem jej metody.<\/p>\n\n\n\n<p>W ci\u0105gu dw\u00f3ch lat powsta\u0142y cztery nowe przedszkola we W\u0142oszech i Szwajcarii. Stopniowo zacz\u0119\u0142y pojawia\u0107 si\u0119 kolejne plac\u00f3wki. W 1915 r. Maria Montessori wraz z synem otworzyli w Barcelonie Centrum Kszta\u0142cenia Nauczycieli. Metoda Montessori sta\u0142a si\u0119 znana i obecna na wszystkich kontynentach. W 1929 r. Maria powo\u0142a\u0142a do \u017cycia Mi\u0119dzynarodowe Stowarzyszenie Montessori (Association Montessori Internationale), kt\u00f3re mia\u0142o na celu zachowanie integralno\u015bci jej dzie\u0142a oraz kontynuacj\u0119 dzia\u0142a\u0144 po jej \u015bmierci (AMI dzia\u0142a do dzisiaj, a od 2015 r. jest obecne r\u00f3wnie\u017c w Polsce).<\/p>\n\n\n\n<p>Okres rz\u0105d\u00f3w faszystowskich by\u0142 trudnym czasem dla edukacji opartej na idei wolno\u015bci i pokoju. Wiele plac\u00f3wek zamkni\u0119to, a sama Montessori zmuszona by\u0142a opu\u015bci\u0107 W\u0142ochy. Poza granicami kraju realizowa\u0142a szerokie dzia\u0142ania na rzecz pokoju. Zaproszona do Indii uciek\u0142a przed nazistowsk\u0105 inwazj\u0105 na Holandi\u0119.<\/p>\n\n\n\n<p>Dr Maria Montessori zmar\u0142a w 1952 r. w Holandii. Do ko\u0144ca swojego \u017cycia podr\u00f3\u017cowa\u0142a po Europie i Indiach. Z u\u015bmiechem na twarzy uczy\u0142a nauczycieli, ogl\u0105da\u0142a plac\u00f3wki i rozmawia\u0142a z dzie\u0107mi. By\u0142a trzykrotnie nominowana do Pokojowej Nagrody Nobla. Metoda Marii Montessori jest obecnie bardzo popularna w USA, Indiach, Niemczech, Holandii a nawet Chinach, Rosji i Japonii.<\/p>\n\n\n\n<p><\/p>\n\n\n\n<div class=\"wp-block-image is-style-default\"><figure class=\"aligncenter size-full is-resized\"><img loading=\"lazy\" decoding=\"async\" src=\"https:\/\/straznicylasu.pl\/wp-content\/uploads\/2022\/02\/m-montesorii.jpg\" alt=\"\" class=\"wp-image-276\" width=\"746\" height=\"674\" srcset=\"https:\/\/straznicylasu.pl\/wp-content\/uploads\/2022\/02\/m-montesorii.jpg 980w, https:\/\/straznicylasu.pl\/wp-content\/uploads\/2022\/02\/m-montesorii-300x271.jpg 300w, https:\/\/straznicylasu.pl\/wp-content\/uploads\/2022\/02\/m-montesorii-768x694.jpg 768w, https:\/\/straznicylasu.pl\/wp-content\/uploads\/2022\/02\/m-montesorii-66x60.jpg 66w\" sizes=\"auto, (max-width: 746px) 100vw, 746px\" \/><figcaption>Maria Montessori z dzie\u0107mi<\/figcaption><\/figure><\/div>\n","protected":false},"excerpt":{"rendered":"<p>Kim by\u0142a ta wyj\u0105tkowa kobieta? Maria Montessori, W\u0142oszka, lekarka, pedagog, wyj\u0105tkowa kobieta. Swoimi dokonaniami zdecydowanie wyprzedzi\u0142a epok\u0119. Jej obserwacje, odkrycia i ca\u0142a my\u015bl pedagogiczna, cho\u0107 &hellip; <\/p>\n","protected":false},"author":1,"featured_media":0,"parent":0,"menu_order":0,"comment_status":"closed","ping_status":"closed","template":"","meta":{"footnotes":""},"class_list":["post-239","page","type-page","status-publish","hentry","latest_post"],"_links":{"self":[{"href":"https:\/\/straznicylasu.pl\/index.php\/wp-json\/wp\/v2\/pages\/239","targetHints":{"allow":["GET"]}}],"collection":[{"href":"https:\/\/straznicylasu.pl\/index.php\/wp-json\/wp\/v2\/pages"}],"about":[{"href":"https:\/\/straznicylasu.pl\/index.php\/wp-json\/wp\/v2\/types\/page"}],"author":[{"embeddable":true,"href":"https:\/\/straznicylasu.pl\/index.php\/wp-json\/wp\/v2\/users\/1"}],"replies":[{"embeddable":true,"href":"https:\/\/straznicylasu.pl\/index.php\/wp-json\/wp\/v2\/comments?post=239"}],"version-history":[{"count":10,"href":"https:\/\/straznicylasu.pl\/index.php\/wp-json\/wp\/v2\/pages\/239\/revisions"}],"predecessor-version":[{"id":518,"href":"https:\/\/straznicylasu.pl\/index.php\/wp-json\/wp\/v2\/pages\/239\/revisions\/518"}],"wp:attachment":[{"href":"https:\/\/straznicylasu.pl\/index.php\/wp-json\/wp\/v2\/media?parent=239"}],"curies":[{"name":"wp","href":"https:\/\/api.w.org\/{rel}","templated":true}]}}